{"id":7290,"date":"2020-06-12T10:18:21","date_gmt":"2020-06-12T08:18:21","guid":{"rendered":"http:\/\/www.hekktor.com\/?page_id=7290"},"modified":"2023-04-20T12:47:03","modified_gmt":"2023-04-20T10:47:03","slug":"projektreferenz","status":"publish","type":"page","link":"https:\/\/www.hekktor.com\/?page_id=7290","title":{"rendered":"Projektreferenz"},"content":{"rendered":"\t\t<div data-elementor-type=\"wp-page\" data-elementor-id=\"7290\" class=\"elementor elementor-7290\">\n\t\t\t\t\t\t<div class=\"elementor-inner\">\n\t\t\t\t<div class=\"elementor-section-wrap\">\n\t\t\t\t\t\t\t\t\t<section class=\"elementor-section elementor-top-section elementor-element elementor-element-fb7667e elementor-section-stretched elementor-section-full_width elementor-section-height-default elementor-section-height-default\" data-id=\"fb7667e\" data-element_type=\"section\" data-settings=\"{&quot;stretch_section&quot;:&quot;section-stretched&quot;,&quot;shape_divider_bottom&quot;:&quot;curve&quot;,&quot;shape_divider_bottom_negative&quot;:&quot;yes&quot;}\">\n\t\t\t\t\t<div class=\"elementor-shape elementor-shape-bottom\" data-negative=\"true\">\n\t\t\t<svg xmlns=\"http:\/\/www.w3.org\/2000\/svg\" viewBox=\"0 0 1000 100\" preserveAspectRatio=\"none\">\n\t<path class=\"elementor-shape-fill\" d=\"M500,97C126.7,96.3,0.8,19.8,0,0v100l1000,0V1C1000,19.4,873.3,97.8,500,97z\"\/>\n<\/svg>\t\t<\/div>\n\t\t\t\t\t<div class=\"elementor-container elementor-column-gap-default\">\n\t\t\t\t\t\t\t<div class=\"elementor-row\">\n\t\t\t\t\t<div class=\"elementor-column elementor-col-100 elementor-top-column elementor-element elementor-element-badcbdc\" data-id=\"badcbdc\" data-element_type=\"column\" data-settings=\"{&quot;avante_ext_is_scrollme&quot;:&quot;false&quot;,&quot;avante_ext_is_smoove&quot;:&quot;false&quot;,&quot;avante_ext_is_parallax_mouse&quot;:&quot;false&quot;,&quot;avante_ext_is_infinite&quot;:&quot;false&quot;}\">\n\t\t\t<div class=\"elementor-column-wrap elementor-element-populated\">\n\t\t\t\t\t\t\t<div class=\"elementor-widget-wrap\">\n\t\t\t\t\t\t<div class=\"elementor-element elementor-element-7bef6e7 elementor-widget elementor-widget-avante-slider-parallax\" data-id=\"7bef6e7\" data-element_type=\"widget\" data-settings=\"{&quot;avante_ext_is_scrollme&quot;:&quot;false&quot;,&quot;avante_ext_is_smoove&quot;:&quot;false&quot;,&quot;avante_ext_is_parallax_mouse&quot;:&quot;false&quot;,&quot;avante_ext_is_infinite&quot;:&quot;false&quot;}\" data-widget_type=\"avante-slider-parallax.default\">\n\t\t\t\t<div class=\"elementor-widget-container\">\n\t\t\t<div class=\"slider-parallax-wrapper\" data-autoplay=\"8000\" data-pagination=\"0\" data-navigation=\"1\">\n\t<div class=\"slider_parallax_inner\">\n\t\t<div class=\"slider_parallax_slides\">\n\t\t\t\t\t\t<div class=\"slide is-active \">\n\t\t          \t<div class=\"slide-content align-center\">\n\t\t\t          \t<div class=\"standard-wrapper\">\n\t\t\t            \t<div class=\"caption\">\n\t\t\t\t\t\t\t\t<div class=\"title\"><h2>Referenzen<\/h2><\/div>\n\t\t\t\t\t\t\t\t<div class=\"text\">\n\t\t\t                \t\tgestartete oder unterst\u00fctzte Projekte \t\t\t              \t\t<\/div> \n\t\t\t\t                \t\t\t            \t<\/div>\n\t\t\t          \t<\/div>\n\t\t          \t<\/div>\n\t\t\t\t  \t<div class=\"image-container\"> \n\t\t            \t<img decoding=\"async\" src=\"https:\/\/www.hekktor.com\/wp-content\/uploads\/2020\/06\/Hekktor-Projektportfolio.jpg\" alt=\"\" class=\"image\" \/>\n\t\t          \t<\/div>\n\t\t        <\/div>\n\t\t\t\t\t\t<div class=\"slide  \">\n\t\t          \t<div class=\"slide-content align-center\">\n\t\t\t          \t<div class=\"standard-wrapper\">\n\t\t\t            \t<div class=\"caption\">\n\t\t\t\t\t\t\t\t<div class=\"title\"><h2>Referenzen<\/h2><\/div>\n\t\t\t\t\t\t\t\t<div class=\"text\">\n\t\t\t                \t\tgestartete oder unterst\u00fctzte Projekte \t\t\t              \t\t<\/div> \n\t\t\t\t                \t\t\t            \t<\/div>\n\t\t\t          \t<\/div>\n\t\t          \t<\/div>\n\t\t\t\t  \t<div class=\"image-container\"> \n\t\t            \t<img decoding=\"async\" src=\"https:\/\/www.hekktor.com\/wp-content\/uploads\/2020\/06\/2017-01-die-erste-Zeichnung-Kopie-scaled.jpeg\" alt=\"\" class=\"image\" \/>\n\t\t          \t<\/div>\n\t\t        <\/div>\n\t\t\t\t<\/div>\n\t\t\t    \t    <div class=\"arrows\">\n\t        <div class=\"arrow prev\">\n\t          <span class=\"svg svg-arrow-left\">\n\t            <svg version=\"1.1\" id=\"svg4-Layer_1\" xmlns=\"http:\/\/www.w3.org\/2000\/svg\" xmlns:xlink=\"http:\/\/www.w3.org\/1999\/xlink\" x=\"0px\" y=\"0px\" width=\"14px\" height=\"26px\" viewBox=\"0 0 14 26\" enable-background=\"new 0 0 14 26\" xml:space=\"preserve\"> <path d=\"M13,26c-0.256,0-0.512-0.098-0.707-0.293l-12-12c-0.391-0.391-0.391-1.023,0-1.414l12-12c0.391-0.391,1.023-0.391,1.414,0s0.391,1.023,0,1.414L2.414,13l11.293,11.293c0.391,0.391,0.391,1.023,0,1.414C13.512,25.902,13.256,26,13,26z\"\/> <\/svg>\n\t            <span class=\"alt sr-only\"><\/span>\n\t          <\/span>\n\t        <\/div>\n\t        <div class=\"arrow next\">\n\t          <span class=\"svg svg-arrow-right\">\n\t            <svg version=\"1.1\" id=\"svg5-Layer_1\" xmlns=\"http:\/\/www.w3.org\/2000\/svg\" xmlns:xlink=\"http:\/\/www.w3.org\/1999\/xlink\" x=\"0px\" y=\"0px\" width=\"14px\" height=\"26px\" viewBox=\"0 0 14 26\" enable-background=\"new 0 0 14 26\" xml:space=\"preserve\"> <path d=\"M1,0c0.256,0,0.512,0.098,0.707,0.293l12,12c0.391,0.391,0.391,1.023,0,1.414l-12,12c-0.391,0.391-1.023,0.391-1.414,0s-0.391-1.023,0-1.414L11.586,13L0.293,1.707c-0.391-0.391-0.391-1.023,0-1.414C0.488,0.098,0.744,0,1,0z\"\/> <\/svg>\n\t            <span class=\"alt sr-only\"><\/span>\n\t          <\/span>\n\t        <\/div>\n\t    <\/div>\n\t    \t<\/div>\n<\/div>\n\t\t<\/div>\n\t\t\t\t<\/div>\n\t\t\t\t\t\t<\/div>\n\t\t\t\t\t<\/div>\n\t\t<\/div>\n\t\t\t\t\t\t\t\t<\/div>\n\t\t\t\t\t<\/div>\n\t\t<\/section>\n\t\t\t\t<section class=\"elementor-section elementor-top-section elementor-element elementor-element-dedb10d elementor-section-stretched elementor-section-boxed elementor-section-height-default elementor-section-height-default\" data-id=\"dedb10d\" data-element_type=\"section\" data-settings=\"{&quot;stretch_section&quot;:&quot;section-stretched&quot;,&quot;background_background&quot;:&quot;classic&quot;}\">\n\t\t\t\t\t\t<div class=\"elementor-container elementor-column-gap-default\">\n\t\t\t\t\t\t\t<div class=\"elementor-row\">\n\t\t\t\t\t<div class=\"elementor-column elementor-col-100 elementor-top-column elementor-element elementor-element-41efb89\" data-id=\"41efb89\" data-element_type=\"column\" data-settings=\"{&quot;avante_ext_is_scrollme&quot;:&quot;false&quot;,&quot;avante_ext_is_smoove&quot;:&quot;false&quot;,&quot;avante_ext_is_parallax_mouse&quot;:&quot;false&quot;,&quot;avante_ext_is_infinite&quot;:&quot;false&quot;}\">\n\t\t\t<div class=\"elementor-column-wrap elementor-element-populated\">\n\t\t\t\t\t\t\t<div class=\"elementor-widget-wrap\">\n\t\t\t\t\t\t<div class=\"elementor-element elementor-element-b6a10eb elementor-widget elementor-widget-heading\" data-id=\"b6a10eb\" data-element_type=\"widget\" data-settings=\"{&quot;avante_ext_is_scrollme&quot;:&quot;false&quot;,&quot;avante_ext_is_smoove&quot;:&quot;false&quot;,&quot;avante_ext_is_parallax_mouse&quot;:&quot;false&quot;,&quot;avante_ext_is_infinite&quot;:&quot;false&quot;}\" data-widget_type=\"heading.default\">\n\t\t\t\t<div class=\"elementor-widget-container\">\n\t\t\t<h3 class=\"elementor-heading-title elementor-size-default\"><span data-elementor-setting-key=\"title\" data-pen-placeholder=\"Type Here...\">Hilfe und Unterst\u00fctzung richtig dosiert und klar abgesprochen, f\u00fcr<span style=\"font-weight: 700;\"> Start-Ups <\/span>genauso wie f\u00fcr etablierte <span style=\"font-weight: 700;\">Unternehmen. <\/span>Aufgabenbl\u00f6cke zu s\u00e4mtlichen Themen <\/span>wie <b>Konzeptentwicklung<\/b>, <b>Business Development<\/b>, Partneransprache insgesamt, <b>Finanzierung<\/b>, <b>Produktionspartnersuche<\/b>, <b>Vermarktung<\/b>, <b>Vertriebsaufbau,... <\/b>; All diese Bereiche sind unmittelbar relevant f\u00fcr neue Ideen und leisten einen Beitrag zum Gesamterfolg. Egal, ob f\u00fcr junge oder etablierte Unternehmen. Je nach Projekt werden Teile davon in der Vergangenheit geleistet und tolle Erfolge erzielt. Daf\u00fcr wird gerne Unterst\u00fctzung geleistet.  <\/h3>\t\t<\/div>\n\t\t\t\t<\/div>\n\t\t\t\t\t\t<\/div>\n\t\t\t\t\t<\/div>\n\t\t<\/div>\n\t\t\t\t\t\t\t\t<\/div>\n\t\t\t\t\t<\/div>\n\t\t<\/section>\n\t\t\t\t<section class=\"elementor-section elementor-top-section elementor-element elementor-element-191730e elementor-section-boxed elementor-section-height-default elementor-section-height-default\" data-id=\"191730e\" data-element_type=\"section\">\n\t\t\t\t\t\t<div class=\"elementor-container elementor-column-gap-default\">\n\t\t\t\t\t\t\t<div class=\"elementor-row\">\n\t\t\t\t\t<div class=\"elementor-column elementor-col-100 elementor-top-column elementor-element elementor-element-fc0ed15\" data-id=\"fc0ed15\" data-element_type=\"column\" data-settings=\"{&quot;avante_ext_is_scrollme&quot;:&quot;false&quot;,&quot;avante_ext_is_smoove&quot;:&quot;false&quot;,&quot;avante_ext_is_parallax_mouse&quot;:&quot;false&quot;,&quot;avante_ext_is_infinite&quot;:&quot;false&quot;}\">\n\t\t\t<div class=\"elementor-column-wrap elementor-element-populated\">\n\t\t\t\t\t\t\t<div class=\"elementor-widget-wrap\">\n\t\t\t\t\t\t<div class=\"elementor-element elementor-element-345c7eb elementor-position-top elementor-vertical-align-top elementor-widget elementor-widget-image-box\" data-id=\"345c7eb\" data-element_type=\"widget\" data-settings=\"{&quot;avante_ext_is_scrollme&quot;:&quot;false&quot;,&quot;avante_ext_is_smoove&quot;:&quot;false&quot;,&quot;avante_ext_is_parallax_mouse&quot;:&quot;false&quot;,&quot;avante_ext_is_infinite&quot;:&quot;false&quot;}\" data-widget_type=\"image-box.default\">\n\t\t\t\t<div class=\"elementor-widget-container\">\n\t\t\t<div class=\"elementor-image-box-wrapper\"><figure class=\"elementor-image-box-img\"><a href=\"http:\/\/www.zaus.at\"><img decoding=\"async\" src=\"https:\/\/www.hekktor.com\/wp-content\/uploads\/2023\/04\/zaus_logo_dunkelgrau_square512.png\" title=\"zaus_logo_dunkelgrau_square512\" alt=\"zaus_logo_dunkelgrau_square512\" loading=\"lazy\" \/><\/a><\/figure><div class=\"elementor-image-box-content\"><h3 class=\"elementor-image-box-title\"><a href=\"http:\/\/www.zaus.at\">Zaus.at - Inspired by life, made in Austria<\/a><\/h3><p class=\"elementor-image-box-description\">Nachhaltige Produkte f\u00fcr den Home und Interieur Bereich, gefertigt in \u00d6sterreich. Zum Leben gebracht durch Partner aus Ungarn, Deutschland und \u00d6sterreich.<\/p><\/div><\/div>\t\t<\/div>\n\t\t\t\t<\/div>\n\t\t\t\t\t\t<\/div>\n\t\t\t\t\t<\/div>\n\t\t<\/div>\n\t\t\t\t\t\t\t\t<\/div>\n\t\t\t\t\t<\/div>\n\t\t<\/section>\n\t\t\t\t<section class=\"elementor-section elementor-top-section elementor-element elementor-element-b00a953 elementor-section-boxed elementor-section-height-default elementor-section-height-default\" data-id=\"b00a953\" data-element_type=\"section\">\n\t\t\t\t\t\t<div class=\"elementor-container elementor-column-gap-default\">\n\t\t\t\t\t\t\t<div class=\"elementor-row\">\n\t\t\t\t\t<div class=\"elementor-column elementor-col-100 elementor-top-column elementor-element elementor-element-6019de6\" data-id=\"6019de6\" data-element_type=\"column\" data-settings=\"{&quot;avante_ext_is_scrollme&quot;:&quot;false&quot;,&quot;avante_ext_is_smoove&quot;:&quot;false&quot;,&quot;avante_ext_is_parallax_mouse&quot;:&quot;false&quot;,&quot;avante_ext_is_infinite&quot;:&quot;false&quot;}\">\n\t\t\t<div class=\"elementor-column-wrap elementor-element-populated\">\n\t\t\t\t\t\t\t<div class=\"elementor-widget-wrap\">\n\t\t\t\t\t\t<div class=\"elementor-element elementor-element-c34001a elementor-position-top elementor-vertical-align-top elementor-widget elementor-widget-image-box\" data-id=\"c34001a\" data-element_type=\"widget\" data-settings=\"{&quot;avante_ext_is_scrollme&quot;:&quot;false&quot;,&quot;avante_ext_is_smoove&quot;:&quot;false&quot;,&quot;avante_ext_is_parallax_mouse&quot;:&quot;false&quot;,&quot;avante_ext_is_infinite&quot;:&quot;false&quot;}\" data-widget_type=\"image-box.default\">\n\t\t\t\t<div class=\"elementor-widget-container\">\n\t\t\t<div class=\"elementor-image-box-wrapper\"><figure class=\"elementor-image-box-img\"><a href=\"https:\/\/www.red-dot.org\/de\/project\/frend-foldable-wheelbarrow-26449\" target=\"_blank\"><img loading=\"lazy\" decoding=\"async\" width=\"944\" height=\"576\" src=\"https:\/\/www.hekktor.com\/wp-content\/uploads\/2020\/06\/Frend_logo-01.png\" class=\"attachment-full size-full wp-image-6888\" alt=\"\" srcset=\"https:\/\/www.hekktor.com\/wp-content\/uploads\/2020\/06\/Frend_logo-01.png 944w, https:\/\/www.hekktor.com\/wp-content\/uploads\/2020\/06\/Frend_logo-01-300x183.png 300w, https:\/\/www.hekktor.com\/wp-content\/uploads\/2020\/06\/Frend_logo-01-768x469.png 768w, https:\/\/www.hekktor.com\/wp-content\/uploads\/2020\/06\/Frend_logo-01-440x268.png 440w, https:\/\/www.hekktor.com\/wp-content\/uploads\/2020\/06\/Frend_logo-01-600x366.png 600w\" sizes=\"auto, (max-width: 944px) 100vw, 944px\" \/><\/a><\/figure><div class=\"elementor-image-box-content\"><h3 class=\"elementor-image-box-title\"><a href=\"https:\/\/www.red-dot.org\/de\/project\/frend-foldable-wheelbarrow-26449\" target=\"_blank\">Frend - die faltbare Schubkarre<\/a><\/h3><p class=\"elementor-image-box-description\">Als <b>Gr\u00fcnder und Erfinder<\/b> wurde dieses Thema seit 2017 umgesetzt und f\u00fchrte neben zahlreichen medialen Erw\u00e4hnung, zu einem <b>Patent<\/b>, einem <b>Muster- und Designschutz<\/b> auch zu einem der angesehensten Designpreise weltweit. Im Jahr 2018 durften wir in Singapur f\u00fcr dieses Projekt den <b>Red Dot Design Award<\/b> entgegennehmen. <b><u>www.frend.at<\/u><\/b> <\/p><\/div><\/div>\t\t<\/div>\n\t\t\t\t<\/div>\n\t\t\t\t<div class=\"elementor-element elementor-element-f9e9d62 elementor-position-top elementor-vertical-align-top elementor-widget elementor-widget-image-box\" data-id=\"f9e9d62\" data-element_type=\"widget\" data-settings=\"{&quot;avante_ext_is_scrollme&quot;:&quot;false&quot;,&quot;avante_ext_is_smoove&quot;:&quot;false&quot;,&quot;avante_ext_is_parallax_mouse&quot;:&quot;false&quot;,&quot;avante_ext_is_infinite&quot;:&quot;false&quot;}\" data-widget_type=\"image-box.default\">\n\t\t\t\t<div class=\"elementor-widget-container\">\n\t\t\t<div class=\"elementor-image-box-wrapper\"><figure class=\"elementor-image-box-img\"><a href=\"http:\/\/www.jobup.at\" target=\"_blank\"><img loading=\"lazy\" decoding=\"async\" width=\"800\" height=\"800\" src=\"https:\/\/www.hekktor.com\/wp-content\/uploads\/2020\/06\/jobup_800x800_gruen.png\" class=\"attachment-full size-full wp-image-6891\" alt=\"\" srcset=\"https:\/\/www.hekktor.com\/wp-content\/uploads\/2020\/06\/jobup_800x800_gruen.png 800w, https:\/\/www.hekktor.com\/wp-content\/uploads\/2020\/06\/jobup_800x800_gruen-300x300.png 300w, https:\/\/www.hekktor.com\/wp-content\/uploads\/2020\/06\/jobup_800x800_gruen-150x150.png 150w, https:\/\/www.hekktor.com\/wp-content\/uploads\/2020\/06\/jobup_800x800_gruen-768x768.png 768w, https:\/\/www.hekktor.com\/wp-content\/uploads\/2020\/06\/jobup_800x800_gruen-440x440.png 440w, https:\/\/www.hekktor.com\/wp-content\/uploads\/2020\/06\/jobup_800x800_gruen-610x610.png 610w, https:\/\/www.hekktor.com\/wp-content\/uploads\/2020\/06\/jobup_800x800_gruen-600x600.png 600w, https:\/\/www.hekktor.com\/wp-content\/uploads\/2020\/06\/jobup_800x800_gruen-100x100.png 100w\" sizes=\"auto, (max-width: 800px) 100vw, 800px\" \/><\/a><\/figure><div class=\"elementor-image-box-content\"><h3 class=\"elementor-image-box-title\"><a href=\"http:\/\/www.jobup.at\" target=\"_blank\">JobUp - Arbeitskr\u00e4fte\u00fcberlassung <\/a><\/h3><p class=\"elementor-image-box-description\">Als Partner und Co-Founder wurde dieses Thema entwickelt und ist seit Juni 2020 als Dienstleistung \u00fcber die Seite <b>www.jobup.at <\/b>in Betrieb. In der In der Vor-Gr\u00fcndungsphase erarbeitet wurden: Businesscase, 3-Jahres-Detailplanrechnung, Markenkern, Homepage, Gewerbeberechtigung, Finanzierung, F\u00f6rderung, IP-Schutz, AGBs, etc...<\/p><\/div><\/div>\t\t<\/div>\n\t\t\t\t<\/div>\n\t\t\t\t<div class=\"elementor-element elementor-element-30b40e7 elementor-position-top elementor-vertical-align-top elementor-widget elementor-widget-image-box\" data-id=\"30b40e7\" data-element_type=\"widget\" data-settings=\"{&quot;avante_ext_is_scrollme&quot;:&quot;false&quot;,&quot;avante_ext_is_smoove&quot;:&quot;false&quot;,&quot;avante_ext_is_parallax_mouse&quot;:&quot;false&quot;,&quot;avante_ext_is_infinite&quot;:&quot;false&quot;}\" data-widget_type=\"image-box.default\">\n\t\t\t\t<div class=\"elementor-widget-container\">\n\t\t\t<div class=\"elementor-image-box-wrapper\"><figure class=\"elementor-image-box-img\"><img loading=\"lazy\" decoding=\"async\" width=\"585\" height=\"364\" src=\"https:\/\/www.hekktor.com\/wp-content\/uploads\/2020\/06\/Bildschirmfoto-2020-06-03-um-17.31.53.png\" class=\"attachment-large size-large wp-image-6885\" alt=\"\" srcset=\"https:\/\/www.hekktor.com\/wp-content\/uploads\/2020\/06\/Bildschirmfoto-2020-06-03-um-17.31.53.png 585w, https:\/\/www.hekktor.com\/wp-content\/uploads\/2020\/06\/Bildschirmfoto-2020-06-03-um-17.31.53-300x187.png 300w, https:\/\/www.hekktor.com\/wp-content\/uploads\/2020\/06\/Bildschirmfoto-2020-06-03-um-17.31.53-440x274.png 440w\" sizes=\"auto, (max-width: 585px) 100vw, 585px\" \/><\/figure><div class=\"elementor-image-box-content\"><h3 class=\"elementor-image-box-title\">Apartmatch - heute gemakelt mit dem Service von morgen <\/h3><p class=\"elementor-image-box-description\">As <b>Initiator<\/b> und Ideengeber wurde dieses Projekt gestartet mit dem Ziel den Maklermarkt mit einer neuen Leistung auszustatten und so Kostentreiber zu eliminieren und schneller die richtigen Mieter und Vermieter zusammenzubekommen. (wird aufgrund von Corona aktuell pausiert)<\/p><\/div><\/div>\t\t<\/div>\n\t\t\t\t<\/div>\n\t\t\t\t<div class=\"elementor-element elementor-element-9a997e5 elementor-position-top elementor-vertical-align-top elementor-widget elementor-widget-image-box\" data-id=\"9a997e5\" data-element_type=\"widget\" data-settings=\"{&quot;avante_ext_is_scrollme&quot;:&quot;false&quot;,&quot;avante_ext_is_smoove&quot;:&quot;false&quot;,&quot;avante_ext_is_parallax_mouse&quot;:&quot;false&quot;,&quot;avante_ext_is_infinite&quot;:&quot;false&quot;}\" data-widget_type=\"image-box.default\">\n\t\t\t\t<div class=\"elementor-widget-container\">\n\t\t\t<div class=\"elementor-image-box-wrapper\"><figure class=\"elementor-image-box-img\"><img loading=\"lazy\" decoding=\"async\" width=\"700\" height=\"662\" src=\"https:\/\/www.hekktor.com\/wp-content\/uploads\/2020\/06\/WisR_Logo-e1591199829367.png\" class=\"attachment-full size-full wp-image-6903\" alt=\"\" \/><\/figure><div class=\"elementor-image-box-content\"><h3 class=\"elementor-image-box-title\">WisR - Karriereplattform f\u00fcr Senior Talents 55+<\/h3><p class=\"elementor-image-box-description\">Als <b>Early Stage Berater<\/b> wurde hier als Sparringpartner dieses Konzept angestossen und punktuell Unterst\u00fctzung geleistet. Der Start f\u00fcr ein tolles Projekt geleitet durch Klaudia und Carina.<\/p><\/div><\/div>\t\t<\/div>\n\t\t\t\t<\/div>\n\t\t\t\t<div class=\"elementor-element elementor-element-09d0752 elementor-position-top elementor-vertical-align-top elementor-widget elementor-widget-image-box\" data-id=\"09d0752\" data-element_type=\"widget\" data-settings=\"{&quot;avante_ext_is_scrollme&quot;:&quot;false&quot;,&quot;avante_ext_is_smoove&quot;:&quot;false&quot;,&quot;avante_ext_is_parallax_mouse&quot;:&quot;false&quot;,&quot;avante_ext_is_infinite&quot;:&quot;false&quot;}\" data-widget_type=\"image-box.default\">\n\t\t\t\t<div class=\"elementor-widget-container\">\n\t\t\t<div class=\"elementor-image-box-wrapper\"><figure class=\"elementor-image-box-img\"><a href=\"https:\/\/www.littlebig.art\/de\"><img loading=\"lazy\" decoding=\"async\" width=\"417\" height=\"311\" src=\"https:\/\/www.hekktor.com\/wp-content\/uploads\/2020\/06\/Bildschirmfoto-2020-06-09-um-15.41.19.png\" class=\"attachment-full size-full wp-image-7146\" alt=\"\" srcset=\"https:\/\/www.hekktor.com\/wp-content\/uploads\/2020\/06\/Bildschirmfoto-2020-06-09-um-15.41.19.png 417w, https:\/\/www.hekktor.com\/wp-content\/uploads\/2020\/06\/Bildschirmfoto-2020-06-09-um-15.41.19-300x224.png 300w\" sizes=\"auto, (max-width: 417px) 100vw, 417px\" \/><\/a><\/figure><div class=\"elementor-image-box-content\"><h3 class=\"elementor-image-box-title\"><a href=\"https:\/\/www.littlebig.art\/de\">Little Big Art<\/a><\/h3><p class=\"elementor-image-box-description\">Als Diskussionspartner und mittels iterativem <b>Konzept-Feedback<\/b> wurden Judith und Frank im Vorfeld zu Partnergespr\u00e4chen unterst\u00fctzt. Hinter Little Big Art verbirgt sich eine <b>Plattform f\u00fcr Kulturprojekte<\/b>, die man in kleinem, pers\u00f6nlichem Rahmen veranstalten bzw geniessen kann. Einfach fabelhaft! <\/p><\/div><\/div>\t\t<\/div>\n\t\t\t\t<\/div>\n\t\t\t\t<div class=\"elementor-element elementor-element-bc3295e elementor-position-top elementor-vertical-align-top elementor-widget elementor-widget-image-box\" data-id=\"bc3295e\" data-element_type=\"widget\" data-settings=\"{&quot;avante_ext_is_scrollme&quot;:&quot;false&quot;,&quot;avante_ext_is_smoove&quot;:&quot;false&quot;,&quot;avante_ext_is_parallax_mouse&quot;:&quot;false&quot;,&quot;avante_ext_is_infinite&quot;:&quot;false&quot;}\" data-widget_type=\"image-box.default\">\n\t\t\t\t<div class=\"elementor-widget-container\">\n\t\t\t<div class=\"elementor-image-box-wrapper\"><figure class=\"elementor-image-box-img\"><a href=\"http:\/\/www.routes-europe.eu\"><img loading=\"lazy\" decoding=\"async\" width=\"1103\" height=\"1034\" src=\"https:\/\/www.hekktor.com\/wp-content\/uploads\/2020\/06\/Routes_Logo_02-e1591710586833.png\" class=\"attachment-full size-full wp-image-7148\" alt=\"\" srcset=\"https:\/\/www.hekktor.com\/wp-content\/uploads\/2020\/06\/Routes_Logo_02-e1591710586833.png 1103w, https:\/\/www.hekktor.com\/wp-content\/uploads\/2020\/06\/Routes_Logo_02-e1591710586833-300x281.png 300w, https:\/\/www.hekktor.com\/wp-content\/uploads\/2020\/06\/Routes_Logo_02-e1591710586833-1024x960.png 1024w, https:\/\/www.hekktor.com\/wp-content\/uploads\/2020\/06\/Routes_Logo_02-e1591710586833-768x720.png 768w, https:\/\/www.hekktor.com\/wp-content\/uploads\/2020\/06\/Routes_Logo_02-e1591710586833-440x412.png 440w, https:\/\/www.hekktor.com\/wp-content\/uploads\/2020\/06\/Routes_Logo_02-e1591710586833-600x562.png 600w\" sizes=\"auto, (max-width: 1103px) 100vw, 1103px\" \/><\/a><\/figure><div class=\"elementor-image-box-content\"><h3 class=\"elementor-image-box-title\"><a href=\"http:\/\/www.routes-europe.eu\">Routes - die Europareise in deiner Stadt<\/a><\/h3><p class=\"elementor-image-box-description\">Die unter anderem mit dem <b>Europastaatspreis<\/b> ausgezeichnete Katharina Moser entwickelte ein kulturverbindendes Format, um Europa in Gehweite erlebbar zu machen. Aus Liebe zu dem Thema, und weil das Team so phantastische war, wurde hier das <b>Business Development <\/b>\u00fcbernommen.<\/p><\/div><\/div>\t\t<\/div>\n\t\t\t\t<\/div>\n\t\t\t\t<div class=\"elementor-element elementor-element-86c4930 elementor-position-top elementor-vertical-align-top elementor-widget elementor-widget-image-box\" data-id=\"86c4930\" data-element_type=\"widget\" data-settings=\"{&quot;avante_ext_is_scrollme&quot;:&quot;false&quot;,&quot;avante_ext_is_smoove&quot;:&quot;false&quot;,&quot;avante_ext_is_parallax_mouse&quot;:&quot;false&quot;,&quot;avante_ext_is_infinite&quot;:&quot;false&quot;}\" data-widget_type=\"image-box.default\">\n\t\t\t\t<div class=\"elementor-widget-container\">\n\t\t\t<div class=\"elementor-image-box-wrapper\"><figure class=\"elementor-image-box-img\"><a href=\"https:\/\/fitico-sportswear.com\"><img loading=\"lazy\" decoding=\"async\" width=\"833\" height=\"476\" src=\"https:\/\/www.hekktor.com\/wp-content\/uploads\/2020\/06\/logo_fitico.png\" class=\"attachment-full size-full wp-image-7310\" alt=\"\" srcset=\"https:\/\/www.hekktor.com\/wp-content\/uploads\/2020\/06\/logo_fitico.png 833w, https:\/\/www.hekktor.com\/wp-content\/uploads\/2020\/06\/logo_fitico-300x171.png 300w, https:\/\/www.hekktor.com\/wp-content\/uploads\/2020\/06\/logo_fitico-768x439.png 768w, https:\/\/www.hekktor.com\/wp-content\/uploads\/2020\/06\/logo_fitico-440x251.png 440w, https:\/\/www.hekktor.com\/wp-content\/uploads\/2020\/06\/logo_fitico-600x343.png 600w\" sizes=\"auto, (max-width: 833px) 100vw, 833px\" \/><\/a><\/figure><div class=\"elementor-image-box-content\"><h3 class=\"elementor-image-box-title\"><a href=\"https:\/\/fitico-sportswear.com\">Fitico Sportswear - Fishingnets turned into sportswear<\/a><\/h3><p class=\"elementor-image-box-description\">Sophie hat unter der Marke Fitico bereits fr\u00fch die Themen <b>Nachhaltigkeit und Lifestyle<\/b> zusammengebracht und ein Modelabel gegr\u00fcndet, das einen echten Beitrag leistet indem gebrauchte Fischernetze in Form von hochwertiger Sportbekleidung einen zweiten Verwendungszweck finden. Mit gro\u00dfer Professionalit\u00e4t und Leidenschaft umgesetzt, macht Sie mit ihrem Team damit die Welt zu einem besseren Ort. In einer fr\u00fchen Phase konnte ich als kritischer Gespr\u00e4chspartner und Inputgeber den Bad Cop  spielen und so einen kleinen Beitrag leisten. Viel Gl\u00fcck weiterhin!<\/p><\/div><\/div>\t\t<\/div>\n\t\t\t\t<\/div>\n\t\t\t\t\t\t<\/div>\n\t\t\t\t\t<\/div>\n\t\t<\/div>\n\t\t\t\t\t\t\t\t<\/div>\n\t\t\t\t\t<\/div>\n\t\t<\/section>\n\t\t\t\t\t\t\t\t\t<\/div>\n\t\t\t<\/div>\n\t\t\t\t\t<\/div>\n\t\t","protected":false},"excerpt":{"rendered":"<p>Referenzen gestartete oder unterst\u00fctzte Projekte Referenzen gestartete oder unterst\u00fctzte Projekte Hilfe und Unterst\u00fctzung richtig dosiert und klar abgesprochen, f\u00fcr Start-Ups genauso wie f\u00fcr etablierte Unternehmen. Aufgabenbl\u00f6cke zu s\u00e4mtlichen Themen wie Konzeptentwicklung, Business Development, Partneransprache insgesamt, Finanzierung, Produktionspartnersuche, Vermarktung, Vertriebsaufbau,&#8230; ; [&hellip;]<\/p>\n","protected":false},"author":1,"featured_media":0,"parent":0,"menu_order":0,"comment_status":"closed","ping_status":"closed","template":"","meta":{"footnotes":""},"class_list":["post-7290","page","type-page","status-publish","hentry"],"_links":{"self":[{"href":"https:\/\/www.hekktor.com\/index.php?rest_route=\/wp\/v2\/pages\/7290","targetHints":{"allow":["GET"]}}],"collection":[{"href":"https:\/\/www.hekktor.com\/index.php?rest_route=\/wp\/v2\/pages"}],"about":[{"href":"https:\/\/www.hekktor.com\/index.php?rest_route=\/wp\/v2\/types\/page"}],"author":[{"embeddable":true,"href":"https:\/\/www.hekktor.com\/index.php?rest_route=\/wp\/v2\/users\/1"}],"replies":[{"embeddable":true,"href":"https:\/\/www.hekktor.com\/index.php?rest_route=%2Fwp%2Fv2%2Fcomments&post=7290"}],"version-history":[{"count":24,"href":"https:\/\/www.hekktor.com\/index.php?rest_route=\/wp\/v2\/pages\/7290\/revisions"}],"predecessor-version":[{"id":7514,"href":"https:\/\/www.hekktor.com\/index.php?rest_route=\/wp\/v2\/pages\/7290\/revisions\/7514"}],"wp:attachment":[{"href":"https:\/\/www.hekktor.com\/index.php?rest_route=%2Fwp%2Fv2%2Fmedia&parent=7290"}],"curies":[{"name":"wp","href":"https:\/\/api.w.org\/{rel}","templated":true}]}}